{"id":1103,"date":"2026-01-27T17:13:54","date_gmt":"2026-01-27T23:13:54","guid":{"rendered":"https:\/\/www.cecooperative.ca\/des-idees-a-l-impact\/"},"modified":"2026-05-05T01:32:43","modified_gmt":"2026-05-05T07:32:43","slug":"des-idees-a-l-impact","status":"publish","type":"page","link":"https:\/\/www.cecooperative.ca\/fr\/des-idees-a-l-impact\/","title":{"rendered":"Des id\u00e9es \u00e0 l&#8217;impact"},"content":{"rendered":"\n<div style=\"height:44px\" aria-hidden=\"true\" class=\"wp-block-spacer\"><\/div>\n\n<h2 class=\"wp-block-heading has-text-align-center has-large-font-size\" style=\"border-style:none;border-width:0px;padding-top:0;padding-right:115px;padding-bottom:0;padding-left:115px\">Des id\u00e9es \u00e0 l&#8217;impact : \u00c9nergie solaire communautaire des Prairies<\/h2>\n\n<p class=\"has-text-align-center\"><strong><em>Recherches, mod\u00e8les \u00e9prouv\u00e9s et voies pratiques pour la Saskatchewan et le Manitoba.<\/em><\/strong><\/p>\n\n<div class=\"wp-block-columns are-vertically-aligned-top is-layout-flex wp-container-core-columns-is-layout-bc5d9ef0 wp-block-columns-is-layout-flex\" style=\"padding-top:0;padding-right:115px;padding-bottom:0;padding-left:115px\">\n<div class=\"wp-block-column is-vertically-aligned-top is-layout-flow wp-block-column-is-layout-flow\" style=\"flex-basis:33.33%\">\n<figure class=\"wp-block-image aligncenter size-large\"><img loading=\"lazy\" decoding=\"async\" width=\"1024\" height=\"1024\" src=\"https:\/\/www.cecooperative.ca\/sites\/www.cecooperative.ca\/wp-content\/uploads\/2026\/02\/CECC_CEA-STD_V2-1024x1024.jpg\" alt=\"\" class=\"wp-image-852\" srcset=\"https:\/\/www.cecooperative.ca\/sites\/www.cecooperative.ca\/wp-content\/uploads\/2026\/02\/CECC_CEA-STD_V2-1024x1024.jpg 1024w, https:\/\/www.cecooperative.ca\/sites\/www.cecooperative.ca\/wp-content\/uploads\/2026\/02\/CECC_CEA-STD_V2-300x300.jpg 300w, https:\/\/www.cecooperative.ca\/sites\/www.cecooperative.ca\/wp-content\/uploads\/2026\/02\/CECC_CEA-STD_V2-150x150.jpg 150w, https:\/\/www.cecooperative.ca\/sites\/www.cecooperative.ca\/wp-content\/uploads\/2026\/02\/CECC_CEA-STD_V2-768x768.jpg 768w, https:\/\/www.cecooperative.ca\/sites\/www.cecooperative.ca\/wp-content\/uploads\/2026\/02\/CECC_CEA-STD_V2.jpg 1200w\" sizes=\"auto, (max-width: 1024px) 100vw, 1024px\" \/><\/figure>\n\n\n\n<div class=\"wp-block-buttons is-content-justification-center is-layout-flex wp-container-core-buttons-is-layout-a89b3969 wp-block-buttons-is-layout-flex\">\n<div class=\"wp-block-button\"><a class=\"wp-block-button__link wp-element-button\" href=\"https:\/\/www.cecooperative.ca\/civicrm\/event\/register\/?reset=1&amp;id=16\">Inscrivez-vous ici !<\/a><\/div>\n<\/div>\n<\/div>\n\n\n\n<div class=\"wp-block-column is-vertically-aligned-top is-layout-flow wp-block-column-is-layout-flow\" style=\"flex-basis:66.66%\">\n<p>La Coop\u00e9rative d&#8217;\u00e9nergie communautaire Canada (CECC) et <a href=\"https:\/\/www.communityenergy.ca\/\">l&#8217;Association d&#8217;\u00e9nergie communautaire (CEA)<\/a> invitent les coop\u00e9ratives, les installateurs solaires, les municipalit\u00e9s, les Premi\u00e8res Nations, les services publics et les partenaires communautaires \u00e0 une conversation pratique ax\u00e9e sur les solutions pour faire progresser l&#8217;\u00e9nergie solaire en Saskatchewan et au Manitoba.<\/p>\n\n\n\n<p>Ce webinaire interactif de 90 minutes pr\u00e9sentera les derni\u00e8res recherches de la CEA sur les obstacles et les occasions de d\u00e9ploiement de l&#8217;\u00e9nergie solaire dans les provinces des Prairies, et explorera le paysage actuel de l&#8217;\u00e9nergie solaire communautaire au Manitoba et en Saskatchewan.<\/p>\n\n\n\n<p><strong>Cette session abordera :<\/strong><\/p>\n\n\n\n<ul class=\"wp-block-list\">\n<li>Principales conclusions de la recherche de la CEA sur les obstacles et les opportunit\u00e9s en mati\u00e8re d&#8217;\u00e9nergie solaire au Manitoba et en Saskatchewan <\/li>\n\n\n\n<li>Mod\u00e8les de programmes men\u00e9s par la communaut\u00e9, y compris les coop\u00e9ratives, les achats groupes Solarize et les initiatives de conciergerie solaire<\/li>\n\n\n\n<li>T\u00e9moignages de r\u00e9ussite mettant en valeur comment les communaut\u00e9s locales font fonctionner les projets solaires<\/li>\n\n\n\n<li>Discussion collaborative pour recueillir des id\u00e9es et des commentaires sur l&#8217;avancement de l&#8217;\u00e9nergie solaire communautaire<\/li>\n<\/ul>\n\n\n\n<p><strong>Qui devrait participer :<\/strong><\/p>\n\n\n\n<ul class=\"wp-block-list\">\n<li>Coop\u00e9ratives d&#8217;\u00e9nergie communautaire<\/li>\n\n\n\n<li>Installateurs et d\u00e9veloppeurs solaires<\/li>\n\n\n\n<li>Personnel municipal et \u00e9lus<\/li>\n\n\n\n<li>Personnel des Premi\u00e8res Nations et champions de l&#8217;\u00e9nergie<\/li>\n\n\n\n<li>Services publics et partenaires du secteur, et <\/li>\n\n\n\n<li>Toute personne passionn\u00e9e par les solutions solaires men\u00e9es par la communaut\u00e9 dans les r\u00e9gions des Prairies.<\/li>\n<\/ul>\n\n\n\n<p>Cette session pratique et participative r\u00e9unit des pairs pour partager des perspectives, g\u00e9n\u00e9rer des id\u00e9es et explorer comment la collaboration peut acc\u00e9l\u00e9rer le mouvement solaire des Prairies dans tous les secteurs. Ne manquez pas cette conversation !<\/p>\n\n\n\n<hr class=\"wp-block-separator has-alpha-channel-opacity is-style-wide\"\/>\n\n\n\n<p>Pr\u00e9sentateurs et pr\u00e9sentatrices :<\/p>\n\n\n\n<details class=\"wp-block-details is-layout-flow wp-block-details-is-layout-flow\"><summary><strong>Cas Bijlholt<\/strong> &#8211; iChoosr<\/summary>\n<p><em><em>Cas Bijlholt poss\u00e8de une formation en marketing et en \u00e9conomie commerciale et est le PDG et cofondateur de iChoosr, une entreprise n\u00e9erlandaise sp\u00e9cialis\u00e9e dans l&#8217;organisation des achats collectifs au profit des consommateurs et des gouvernements locaux en r\u00e9duisant les co\u00fbts d&#8217;\u00e9nergie et en r\u00e9duisant les empreintes carbone.<\/em><\/em><\/p>\n<\/details>\n\n\n\n<details class=\"wp-block-details is-layout-flow wp-block-details-is-layout-flow\"><summary><strong>Marianne Doehler<\/strong> &#8211; Community Energy Association<\/summary>\n<p>Biographie \u00e0 venir bient\u00f4t<\/p>\n<\/details>\n\n\n\n<details class=\"wp-block-details is-layout-flow wp-block-details-is-layout-flow\"><summary><strong>Peter Robinson<\/strong> &#8211; Community Energy Association<\/summary>\n<p>Biographie \u00e0 venir bient\u00f4t<\/p>\n<\/details>\n\n\n\n<details class=\"wp-block-details is-layout-flow wp-block-details-is-layout-flow\"><summary>Bert Weichel &#8211; SES Solar Cooperative<\/summary>\n<p><em>Bert a travaill\u00e9 comme \u00e9cologiste consultant et comme charg\u00e9 d&#8217;enseignement en sciences de l&#8217;environnement \u00e0 l&#8217;Universit\u00e9 de la Saskatchewan, et a \u00e9t\u00e9 actif au sein des conseils d&#8217;administration de plusieurs ONG environnementales au cours des quatre derni\u00e8res d\u00e9cennies. Membre\/actionnaire de la Coop\u00e9rative solaire SES depuis sa cr\u00e9ation, il occupe actuellement le poste de secr\u00e9taire et est l&#8217;un des deux directeurs de la Coop solaire SES nomm\u00e9s par le conseil d&#8217;administration.<\/em><\/p>\n<\/details>\n\n\n\n<details class=\"wp-block-details is-layout-flow wp-block-details-is-layout-flow\"><summary><strong>D&#8217;autres mises \u00e0 jour sur les conf\u00e9renciers arrivent bient\u00f4t !<\/strong><\/summary>\n<p><\/p>\n<\/details>\n\n\n\n<hr class=\"wp-block-separator has-alpha-channel-opacity is-style-wide\"\/>\n\n\n\n<div class=\"wp-block-columns is-layout-flex wp-container-core-columns-is-layout-28f84493 wp-block-columns-is-layout-flex\">\n<div class=\"wp-block-column is-layout-flow wp-block-column-is-layout-flow\" style=\"flex-basis:100%\">\n<div class=\"wp-block-group is-layout-constrained wp-block-group-is-layout-constrained\">\n<figure class=\"wp-block-image aligncenter size-full is-resized\"><a href=\"https:\/\/www.communityenergy.ca\/\"><img loading=\"lazy\" decoding=\"async\" width=\"1011\" height=\"217\" src=\"https:\/\/www.cecooperative.ca\/sites\/www.cecooperative.ca\/wp-content\/uploads\/2026\/01\/CEA_logo_cmyk_PRINT.png\" alt=\"\" class=\"wp-image-844\" style=\"aspect-ratio:4.65958388667552;width:278px;height:auto\" srcset=\"https:\/\/www.cecooperative.ca\/sites\/www.cecooperative.ca\/wp-content\/uploads\/2026\/01\/CEA_logo_cmyk_PRINT.png 1011w, https:\/\/www.cecooperative.ca\/sites\/www.cecooperative.ca\/wp-content\/uploads\/2026\/01\/CEA_logo_cmyk_PRINT-300x64.png 300w, https:\/\/www.cecooperative.ca\/sites\/www.cecooperative.ca\/wp-content\/uploads\/2026\/01\/CEA_logo_cmyk_PRINT-768x165.png 768w\" sizes=\"auto, (max-width: 1011px) 100vw, 1011px\" \/><\/a><figcaption class=\"wp-element-caption\">\u00c9v\u00e9nement organis\u00e9 en partenariat ave<a href=\"https:\/\/www.communityenergy.ca\/\" type=\"link\" id=\"https:\/\/www.communityenergy.ca\/\">c l&#8217;Association d&#8217;\u00e9nergie communautaire.<\/a><\/figcaption><\/figure>\n<\/div>\n<\/div>\n<\/div>\n\n\n\n<hr class=\"wp-block-separator has-alpha-channel-opacity is-style-wide\"\/>\n\n\n\n<div class=\"wp-block-group is-layout-constrained wp-block-group-is-layout-constrained\">\n<div class=\"wp-block-group is-layout-constrained wp-block-group-is-layout-constrained\">\n<figure class=\"wp-block-gallery alignleft has-nested-images columns-default is-cropped wp-block-gallery-1 is-layout-flex wp-block-gallery-is-layout-flex\">\n<figure class=\"wp-block-image size-large is-resized\"><img loading=\"lazy\" decoding=\"async\" width=\"384\" height=\"208\" data-id=\"491\" src=\"https:\/\/www.cecooperative.ca\/sites\/www.cecooperative.ca\/wp-content\/uploads\/2025\/06\/CECC-HEADER2.jpg\" alt=\"\" class=\"wp-image-491\" style=\"width:131px;height:auto\" srcset=\"https:\/\/www.cecooperative.ca\/sites\/www.cecooperative.ca\/wp-content\/uploads\/2025\/06\/CECC-HEADER2.jpg 384w, https:\/\/www.cecooperative.ca\/sites\/www.cecooperative.ca\/wp-content\/uploads\/2025\/06\/CECC-HEADER2-300x163.jpg 300w\" sizes=\"auto, (max-width: 384px) 100vw, 384px\" \/><\/figure>\n\n\n\n<figure class=\"wp-block-image size-large is-resized\"><a href=\"https:\/\/questcanada.org\/\"><img loading=\"lazy\" decoding=\"async\" width=\"1024\" height=\"538\" data-id=\"855\" src=\"https:\/\/www.cecooperative.ca\/sites\/www.cecooperative.ca\/wp-content\/uploads\/2026\/02\/QUEST-Canada-1024x538.jpg\" alt=\"\" class=\"wp-image-855\" style=\"width:148px;height:auto\" srcset=\"https:\/\/www.cecooperative.ca\/sites\/www.cecooperative.ca\/wp-content\/uploads\/2026\/02\/QUEST-Canada-1024x538.jpg 1024w, https:\/\/www.cecooperative.ca\/sites\/www.cecooperative.ca\/wp-content\/uploads\/2026\/02\/QUEST-Canada-300x158.jpg 300w, https:\/\/www.cecooperative.ca\/sites\/www.cecooperative.ca\/wp-content\/uploads\/2026\/02\/QUEST-Canada-768x403.jpg 768w, https:\/\/www.cecooperative.ca\/sites\/www.cecooperative.ca\/wp-content\/uploads\/2026\/02\/QUEST-Canada.jpg 1200w\" sizes=\"auto, (max-width: 1024px) 100vw, 1024px\" \/><\/a><\/figure>\n<\/figure>\n<\/div>\n<\/div>\n\n\n\n<p class=\"has-text-align-center has-small-font-size\">Cet \u00e9v\u00e9nement est financ\u00e9 en partie par le volet de pr\u00e9paration \u00e0 la mise en \u0153uvre du Fonds pour une \u00e9conomie \u00e0 faibles \u00e9missions de carbone du gouvernement du Canada et par Quest Canada.<br\/>This event is funded in part by the Government of Canada\u2019s Low Carbon Economy Fund Implementation Readiness stream and Quest Canada.<\/p>\n\n\n\n<hr class=\"wp-block-separator has-alpha-channel-opacity is-style-wide\"\/>\n<\/div>\n<\/div>\n\n<p><\/p>\n","protected":false},"excerpt":{"rendered":"<p>Des id\u00e9es \u00e0 l&#8217;impact : \u00c9nergie solaire communautaire des Prairies Recherches, mod\u00e8les \u00e9prouv\u00e9s et voies pratiques pour la Saskatchewan et [&hellip;]<\/p>\n","protected":false},"author":6,"featured_media":1060,"parent":0,"menu_order":0,"comment_status":"closed","ping_status":"closed","template":"","meta":{"_eb_attr":"","site-sidebar-layout":"default","site-content-layout":"","ast-site-content-layout":"default","site-content-style":"default","site-sidebar-style":"default","ast-global-header-display":"","ast-banner-title-visibility":"","ast-main-header-display":"","ast-hfb-above-header-display":"","ast-hfb-below-header-display":"","ast-hfb-mobile-header-display":"","site-post-title":"disabled","ast-breadcrumbs-content":"","ast-featured-img":"disabled","footer-sml-layout":"","ast-disable-related-posts":"","theme-transparent-header-meta":"","adv-header-id-meta":"","stick-header-meta":"","header-above-stick-meta":"","header-main-stick-meta":"","header-below-stick-meta":"","astra-migrate-meta-layouts":"default","ast-page-background-enabled":"default","ast-page-background-meta":{"desktop":{"background-color":"var(--ast-global-color-5)","background-image":"","background-repeat":"repeat","background-position":"center center","background-size":"auto","background-attachment":"scroll","background-type":"","background-media":"","overlay-type":"","overlay-color":"","overlay-opacity":"","overlay-gradient":""},"tablet":{"background-color":"","background-image":"","background-repeat":"repeat","background-position":"center center","background-size":"auto","background-attachment":"scroll","background-type":"","background-media":"","overlay-type":"","overlay-color":"","overlay-opacity":"","overlay-gradient":""},"mobile":{"background-color":"","background-image":"","background-repeat":"repeat","background-position":"center center","background-size":"auto","background-attachment":"scroll","background-type":"","background-media":"","overlay-type":"","overlay-color":"","overlay-opacity":"","overlay-gradient":""}},"ast-content-background-meta":{"desktop":{"background-color":"var(--ast-global-color-4)","background-image":"","background-repeat":"repeat","background-position":"center center","background-size":"auto","background-attachment":"scroll","background-type":"","background-media":"","overlay-type":"","overlay-color":"","overlay-opacity":"","overlay-gradient":""},"tablet":{"background-color":"var(--ast-global-color-4)","background-image":"","background-repeat":"repeat","background-position":"center center","background-size":"auto","background-attachment":"scroll","background-type":"","background-media":"","overlay-type":"","overlay-color":"","overlay-opacity":"","overlay-gradient":""},"mobile":{"background-color":"var(--ast-global-color-4)","background-image":"","background-repeat":"repeat","background-position":"center center","background-size":"auto","background-attachment":"scroll","background-type":"","background-media":"","overlay-type":"","overlay-color":"","overlay-opacity":"","overlay-gradient":""}},"footnotes":""},"class_list":["post-1103","page","type-page","status-publish","has-post-thumbnail","hentry"],"_links":{"self":[{"href":"https:\/\/www.cecooperative.ca\/fr\/wp-json\/wp\/v2\/pages\/1103","targetHints":{"allow":["GET"]}}],"collection":[{"href":"https:\/\/www.cecooperative.ca\/fr\/wp-json\/wp\/v2\/pages"}],"about":[{"href":"https:\/\/www.cecooperative.ca\/fr\/wp-json\/wp\/v2\/types\/page"}],"author":[{"embeddable":true,"href":"https:\/\/www.cecooperative.ca\/fr\/wp-json\/wp\/v2\/users\/6"}],"replies":[{"embeddable":true,"href":"https:\/\/www.cecooperative.ca\/fr\/wp-json\/wp\/v2\/comments?post=1103"}],"version-history":[{"count":3,"href":"https:\/\/www.cecooperative.ca\/fr\/wp-json\/wp\/v2\/pages\/1103\/revisions"}],"predecessor-version":[{"id":1128,"href":"https:\/\/www.cecooperative.ca\/fr\/wp-json\/wp\/v2\/pages\/1103\/revisions\/1128"}],"wp:featuredmedia":[{"embeddable":true,"href":"https:\/\/www.cecooperative.ca\/fr\/wp-json\/wp\/v2\/media\/1060"}],"wp:attachment":[{"href":"https:\/\/www.cecooperative.ca\/fr\/wp-json\/wp\/v2\/media?parent=1103"}],"curies":[{"name":"wp","href":"https:\/\/api.w.org\/{rel}","templated":true}]}}