{"id":1053,"date":"2025-05-07T10:25:50","date_gmt":"2025-05-07T16:25:50","guid":{"rendered":"https:\/\/www.cecooperative.ca\/cecc-founding-co-operatives\/"},"modified":"2026-05-04T00:33:10","modified_gmt":"2026-05-04T06:33:10","slug":"cecc-founding-co-operatives","status":"publish","type":"page","link":"https:\/\/www.cecooperative.ca\/fr\/cecc-founding-co-operatives\/","title":{"rendered":"Coop\u00e9ratives fondatrices de la CECC"},"content":{"rendered":"\n<figure class=\"wp-block-image alignwide size-large\"><img loading=\"lazy\" decoding=\"async\" width=\"1024\" height=\"278\" src=\"https:\/\/cecc.symbiotic.coop\/sites\/cecc.symbiotic.coop\/wp-content\/uploads\/2025\/05\/SolarPanels-1024x278.jpg\" alt=\"\" class=\"wp-image-94\" srcset=\"https:\/\/www.cecooperative.ca\/sites\/www.cecooperative.ca\/wp-content\/uploads\/2025\/05\/SolarPanels-1024x278.jpg 1024w, https:\/\/www.cecooperative.ca\/sites\/www.cecooperative.ca\/wp-content\/uploads\/2025\/05\/SolarPanels-300x81.jpg 300w, https:\/\/www.cecooperative.ca\/sites\/www.cecooperative.ca\/wp-content\/uploads\/2025\/05\/SolarPanels-768x209.jpg 768w, https:\/\/www.cecooperative.ca\/sites\/www.cecooperative.ca\/wp-content\/uploads\/2025\/05\/SolarPanels.avif 1193w\" sizes=\"auto, (max-width: 1024px) 100vw, 1024px\" \/><\/figure>\n\n<h1 class=\"wp-block-heading has-text-align-center\">Coop\u00e9ratives fondatrices<\/h1>\n\n<div class=\"wp-block-group is-layout-constrained wp-block-group-is-layout-constrained\">\n<p class=\"has-text-align-center has-medium-font-size\">CECC existe pour soutenir les coop\u00e9ratives d&#8217;\u00e9nergie renouvelable au Canada. Nous avons l\u2019intention d\u2019\u00e9largir notre communaut\u00e9 de mani\u00e8re aussi exhaustive et \u00e9quitable que possible. De nombreuses coop\u00e9ratives ont contribu\u00e9 \u00e0 encourager et \u00e0 fa\u00e7onner la cr\u00e9ation de cette organisation. Nous remercions chacun de ces GER de nous avoir aid\u00e9s \u00e0 en arriver l\u00e0 o\u00f9 nous en sommes aujourd\u2019hui. C\u2019est un honneur de repr\u00e9senter vos voix, vos objectifs et vos intentions en faveur d\u2019une production d\u2019\u00e9nergie durable pour tous les Canadiens et Canadiennes. <\/p>\n<\/div>\n\n<figure class=\"wp-block-table\"><table class=\"has-border-color has-ast-global-color-4-border-color has-fixed-layout\"><tbody><tr><td class=\"has-text-align-center\" data-align=\"center\"><a href=\"https:\/\/www.swiilawiid.org\/xgrec\" target=\"_blank\" rel=\"noreferrer noopener\">Xaad\u00e1a Gwaay Renewable Energy Cooperative<\/a>, Haida Gwaii<\/td><\/tr><tr><td class=\"has-text-align-center\" data-align=\"center\"><a href=\"https:\/\/peaceenergy.ca\/\" target=\"_blank\" rel=\"noreferrer noopener\">Peace Energy Co-operative<\/a>, Dawson Creek BC<\/td><\/tr><tr><td class=\"has-text-align-center\" data-align=\"center\"><a href=\"https:\/\/www.bvgreenenergy.org\/\" target=\"_blank\" rel=\"noreferrer noopener\">Bow Valley Green Energy Co-operative<\/a>, Canmore AB<\/td><\/tr><tr><td class=\"has-text-align-center\" data-align=\"center\"><a href=\"https:\/\/joinspice.ca\/\" target=\"_blank\" rel=\"noreferrer noopener\">Solar Power Investment Co-operative of Edmonton (SPICE)<\/a>, Edmonton AB<\/td><\/tr><tr><td class=\"has-text-align-center\" data-align=\"center\"><a href=\"https:\/\/www.wascanasolarco-op.com\/\" target=\"_blank\" rel=\"noreferrer noopener\">Wascana Solar Co-operative<\/a>, Regina, SK<\/td><\/tr><tr><td class=\"has-text-align-center\" data-align=\"center\"><a href=\"https:\/\/sksolarcoop.ca\/\" target=\"_blank\" rel=\"noreferrer noopener\">SES Solar Co-operative<\/a>, Saskatoon SK\u200b<\/td><\/tr><tr><td class=\"has-text-align-center\" data-align=\"center\"><a href=\"https:\/\/www.orec.ca\" target=\"_blank\" rel=\"noreferrer noopener\">Ottawa Renewable Energy Co-operative (OREC)<\/a>, Ottawa ON<\/td><\/tr><tr><td class=\"has-text-align-center\" data-align=\"center\"><a href=\"https:\/\/solarbonds.ca\/\" target=\"_blank\" rel=\"noreferrer noopener\">SolarShare<\/a>, Toronto ON\u200b<\/td><\/tr><tr><td class=\"has-text-align-center\" data-align=\"center\"><a href=\"https:\/\/www.trec.on.ca\/\" target=\"_blank\" rel=\"noreferrer noopener\">TREC<\/a>, Toronto ON\u200b<\/td><\/tr><tr><td class=\"has-text-align-center\" data-align=\"center\"><a href=\"https:\/\/windshare.ca\/\" target=\"_blank\" rel=\"noreferrer noopener\">WindShare<\/a>, Toronto ON\u200b<\/td><\/tr><tr><td class=\"has-text-align-center\" data-align=\"center\"><a href=\"http:\/\/ourpower.ca\/guelph-renewable-energy-co-operatives-first-project-is-online\/\" target=\"_blank\" rel=\"noreferrer noopener\">Guelph Renewable Energy Co-operative (GRECo)<\/a>, Guelph ON\u200b<\/td><\/tr><tr><td class=\"has-text-align-center\" data-align=\"center\"><a href=\"https:\/\/beausejourcoop.wordpress.com\/\" target=\"_blank\" rel=\"noreferrer noopener\">Beaus\u00e9jour Renewable Energy Co-operative<\/a>, Sackville NB<\/td><\/tr><\/tbody><\/table><\/figure>\n\n<p><\/p>\n","protected":false},"excerpt":{"rendered":"<p>Coop\u00e9ratives fondatrices CECC existe pour soutenir les coop\u00e9ratives d&#8217;\u00e9nergie renouvelable au Canada. Nous avons l\u2019intention d\u2019\u00e9largir notre communaut\u00e9 de mani\u00e8re [&hellip;]<\/p>\n","protected":false},"author":5,"featured_media":0,"parent":0,"menu_order":0,"comment_status":"closed","ping_status":"closed","template":"","meta":{"_eb_attr":"","site-sidebar-layout":"default","site-content-layout":"","ast-site-content-layout":"","site-content-style":"default","site-sidebar-style":"default","ast-global-header-display":"","ast-banner-title-visibility":"","ast-main-header-display":"","ast-hfb-above-header-display":"","ast-hfb-below-header-display":"","ast-hfb-mobile-header-display":"","site-post-title":"disabled","ast-breadcrumbs-content":"","ast-featured-img":"","footer-sml-layout":"","ast-disable-related-posts":"","theme-transparent-header-meta":"","adv-header-id-meta":"","stick-header-meta":"","header-above-stick-meta":"","header-main-stick-meta":"","header-below-stick-meta":"","astra-migrate-meta-layouts":"default","ast-page-background-enabled":"default","ast-page-background-meta":{"desktop":{"background-color":"var(--ast-global-color-5)","background-image":"","background-repeat":"repeat","background-position":"center center","background-size":"auto","background-attachment":"scroll","background-type":"","background-media":"","overlay-type":"","overlay-color":"","overlay-opacity":"","overlay-gradient":""},"tablet":{"background-color":"","background-image":"","background-repeat":"repeat","background-position":"center center","background-size":"auto","background-attachment":"scroll","background-type":"","background-media":"","overlay-type":"","overlay-color":"","overlay-opacity":"","overlay-gradient":""},"mobile":{"background-color":"","background-image":"","background-repeat":"repeat","background-position":"center center","background-size":"auto","background-attachment":"scroll","background-type":"","background-media":"","overlay-type":"","overlay-color":"","overlay-opacity":"","overlay-gradient":""}},"ast-content-background-meta":{"desktop":{"background-color":"var(--ast-global-color-4)","background-image":"","background-repeat":"repeat","background-position":"center center","background-size":"auto","background-attachment":"scroll","background-type":"","background-media":"","overlay-type":"","overlay-color":"","overlay-opacity":"","overlay-gradient":""},"tablet":{"background-color":"var(--ast-global-color-4)","background-image":"","background-repeat":"repeat","background-position":"center center","background-size":"auto","background-attachment":"scroll","background-type":"","background-media":"","overlay-type":"","overlay-color":"","overlay-opacity":"","overlay-gradient":""},"mobile":{"background-color":"var(--ast-global-color-4)","background-image":"","background-repeat":"repeat","background-position":"center center","background-size":"auto","background-attachment":"scroll","background-type":"","background-media":"","overlay-type":"","overlay-color":"","overlay-opacity":"","overlay-gradient":""}},"footnotes":""},"class_list":["post-1053","page","type-page","status-publish","hentry"],"_links":{"self":[{"href":"https:\/\/www.cecooperative.ca\/fr\/wp-json\/wp\/v2\/pages\/1053","targetHints":{"allow":["GET"]}}],"collection":[{"href":"https:\/\/www.cecooperative.ca\/fr\/wp-json\/wp\/v2\/pages"}],"about":[{"href":"https:\/\/www.cecooperative.ca\/fr\/wp-json\/wp\/v2\/types\/page"}],"author":[{"embeddable":true,"href":"https:\/\/www.cecooperative.ca\/fr\/wp-json\/wp\/v2\/users\/5"}],"replies":[{"embeddable":true,"href":"https:\/\/www.cecooperative.ca\/fr\/wp-json\/wp\/v2\/comments?post=1053"}],"version-history":[{"count":3,"href":"https:\/\/www.cecooperative.ca\/fr\/wp-json\/wp\/v2\/pages\/1053\/revisions"}],"predecessor-version":[{"id":1089,"href":"https:\/\/www.cecooperative.ca\/fr\/wp-json\/wp\/v2\/pages\/1053\/revisions\/1089"}],"wp:attachment":[{"href":"https:\/\/www.cecooperative.ca\/fr\/wp-json\/wp\/v2\/media?parent=1053"}],"curies":[{"name":"wp","href":"https:\/\/api.w.org\/{rel}","templated":true}]}}