{"id":1051,"date":"2025-05-07T10:54:04","date_gmt":"2025-05-07T16:54:04","guid":{"rendered":"https:\/\/www.cecooperative.ca\/connect\/"},"modified":"2026-05-04T00:34:36","modified_gmt":"2026-05-04T06:34:36","slug":"connect","status":"publish","type":"page","link":"https:\/\/www.cecooperative.ca\/fr\/connect\/","title":{"rendered":"Contactez nous"},"content":{"rendered":"\n<div class=\"wp-block-group is-vertical is-content-justification-center is-nowrap is-layout-flex wp-container-core-group-is-layout-36411c89 wp-block-group-is-layout-flex has-background\" style=\"padding-top:0;padding-right:0;padding-bottom:0;padding-left:0;background-image:url(&apos;https:\/\/www.cecooperative.ca\/sites\/www.cecooperative.ca\/wp-content\/uploads\/2025\/05\/Landscape.avif&apos;);background-size:cover;background-attachment:fixed;\">\n<div class=\"wp-block-group is-layout-grid wp-container-core-group-is-layout-d6710a0f wp-block-group-is-layout-grid\" style=\"min-height:100vh;padding-right:4rem;padding-left:4rem\">\n<div class=\"wp-block-group wp-container-content-64aeeb98 is-vertical is-content-justification-center is-nowrap is-layout-flex wp-container-core-group-is-layout-6c01586f wp-block-group-is-layout-flex\" style=\"padding-right:4rem;padding-left:4rem\">\n<h1 class=\"wp-block-heading\" style=\"padding-top:var(--wp--preset--spacing--60);padding-bottom:var(--wp--preset--spacing--60)\">Contactez nous<\/h1>\n\n\n\n<h2 class=\"wp-block-heading has-text-align-center\" style=\"margin-top:3rem;margin-bottom:3rem\">Community Energy Co-operative Canada | Coop\u00e9rative \u00c9nerg\u00e9tique Communautaire Canada<\/h2>\n\n\n\n<div class=\"wp-block-buttons is-layout-flex wp-block-buttons-is-layout-flex\" style=\"padding-top:1.6rem;padding-bottom:1.6rem\">\n<div class=\"wp-block-button\"><a class=\"wp-block-button__link wp-element-button\" href=\"mailto:connect@cecooperative.ca\">Envoyez-nous un courriel<\/a><\/div>\n<\/div>\n\n\n\n<ul class=\"wp-block-social-links has-huge-icon-size is-style-default is-horizontal is-content-justification-center is-nowrap is-layout-flex wp-container-core-social-links-is-layout-14a10bc9 wp-block-social-links-is-layout-flex\" style=\"border-style:none;border-width:0rem;border-radius:0rem;margin-top:0;margin-bottom:0\"><li class=\"wp-social-link wp-social-link-linkedin  wp-block-social-link\"><a rel=\"noopener nofollow\" target=\"_blank\" href=\"https:\/\/www.linkedin.com\/company\/community-energy-cooperative-canada\/?viewAsMember=true\" class=\"wp-block-social-link-anchor\"><svg width=\"24\" height=\"24\" viewBox=\"0 0 24 24\" version=\"1.1\" xmlns=\"http:\/\/www.w3.org\/2000\/svg\" aria-hidden=\"true\" focusable=\"false\"><path d=\"M19.7,3H4.3C3.582,3,3,3.582,3,4.3v15.4C3,20.418,3.582,21,4.3,21h15.4c0.718,0,1.3-0.582,1.3-1.3V4.3 C21,3.582,20.418,3,19.7,3z M8.339,18.338H5.667v-8.59h2.672V18.338z M7.004,8.574c-0.857,0-1.549-0.694-1.549-1.548 c0-0.855,0.691-1.548,1.549-1.548c0.854,0,1.547,0.694,1.547,1.548C8.551,7.881,7.858,8.574,7.004,8.574z M18.339,18.338h-2.669 v-4.177c0-0.996-0.017-2.278-1.387-2.278c-1.389,0-1.601,1.086-1.601,2.206v4.249h-2.667v-8.59h2.559v1.174h0.037 c0.356-0.675,1.227-1.387,2.526-1.387c2.703,0,3.203,1.779,3.203,4.092V18.338z\"><\/path><\/svg><span class=\"wp-block-social-link-label screen-reader-text\">LinkedIn<\/span><\/a><\/li><\/ul>\n\n\n\n<h2 class=\"wp-block-heading\" style=\"line-height:2\">Pr\u00e9sident du conseil d&#8217;administration de la CECC : Martin Boucher<\/h2>\n\n\n\n<div class=\"wp-block-buttons is-content-justification-space-between is-layout-flex wp-container-core-buttons-is-layout-94553387 wp-block-buttons-is-layout-flex\">\n<div class=\"wp-block-button\"><a class=\"wp-block-button__link has-ast-global-color-1-background-color has-background wp-element-button\" href=\"https:\/\/www.cecooperative.ca\/fr\/devenir-membre\/\">Devenez membre<\/a><\/div>\n<\/div>\n\n\n\n<div style=\"height:0px\" aria-hidden=\"true\" class=\"wp-block-spacer wp-container-content-8e98ba44\"><\/div>\n<\/div>\n\n\n<p>[civicrm component=&#8221;afform&#8221; name=&#8221;afformSubscribeForCECCUpdates&#8221;]<\/p>\n\n\n\n<div style=\"height:5rem\" aria-hidden=\"true\" class=\"wp-block-spacer\"><\/div>\n<\/div>\n<\/div>\n","protected":false},"excerpt":{"rendered":"<p>Contactez nous Community Energy Co-operative Canada | Coop\u00e9rative \u00c9nerg\u00e9tique Communautaire Canada Pr\u00e9sident du conseil d&#8217;administration de la CECC : Martin [&hellip;]<\/p>\n","protected":false},"author":5,"featured_media":0,"parent":0,"menu_order":0,"comment_status":"closed","ping_status":"closed","template":"","meta":{"_eb_attr":"","site-sidebar-layout":"default","site-content-layout":"","ast-site-content-layout":"","site-content-style":"default","site-sidebar-style":"default","ast-global-header-display":"","ast-banner-title-visibility":"","ast-main-header-display":"","ast-hfb-above-header-display":"","ast-hfb-below-header-display":"","ast-hfb-mobile-header-display":"","site-post-title":"disabled","ast-breadcrumbs-content":"","ast-featured-img":"","footer-sml-layout":"","ast-disable-related-posts":"","theme-transparent-header-meta":"","adv-header-id-meta":"","stick-header-meta":"","header-above-stick-meta":"","header-main-stick-meta":"","header-below-stick-meta":"","astra-migrate-meta-layouts":"default","ast-page-background-enabled":"default","ast-page-background-meta":{"desktop":{"background-color":"var(--ast-global-color-5)","background-image":"","background-repeat":"repeat","background-position":"center center","background-size":"auto","background-attachment":"scroll","background-type":"","background-media":"","overlay-type":"","overlay-color":"","overlay-opacity":"","overlay-gradient":""},"tablet":{"background-color":"","background-image":"","background-repeat":"repeat","background-position":"center center","background-size":"auto","background-attachment":"scroll","background-type":"","background-media":"","overlay-type":"","overlay-color":"","overlay-opacity":"","overlay-gradient":""},"mobile":{"background-color":"","background-image":"","background-repeat":"repeat","background-position":"center center","background-size":"auto","background-attachment":"scroll","background-type":"","background-media":"","overlay-type":"","overlay-color":"","overlay-opacity":"","overlay-gradient":""}},"ast-content-background-meta":{"desktop":{"background-color":"var(--ast-global-color-4)","background-image":"","background-repeat":"repeat","background-position":"center center","background-size":"auto","background-attachment":"scroll","background-type":"","background-media":"","overlay-type":"","overlay-color":"","overlay-opacity":"","overlay-gradient":""},"tablet":{"background-color":"var(--ast-global-color-4)","background-image":"","background-repeat":"repeat","background-position":"center center","background-size":"auto","background-attachment":"scroll","background-type":"","background-media":"","overlay-type":"","overlay-color":"","overlay-opacity":"","overlay-gradient":""},"mobile":{"background-color":"var(--ast-global-color-4)","background-image":"","background-repeat":"repeat","background-position":"center center","background-size":"auto","background-attachment":"scroll","background-type":"","background-media":"","overlay-type":"","overlay-color":"","overlay-opacity":"","overlay-gradient":""}},"footnotes":""},"class_list":["post-1051","page","type-page","status-publish","hentry"],"_links":{"self":[{"href":"https:\/\/www.cecooperative.ca\/fr\/wp-json\/wp\/v2\/pages\/1051","targetHints":{"allow":["GET"]}}],"collection":[{"href":"https:\/\/www.cecooperative.ca\/fr\/wp-json\/wp\/v2\/pages"}],"about":[{"href":"https:\/\/www.cecooperative.ca\/fr\/wp-json\/wp\/v2\/types\/page"}],"author":[{"embeddable":true,"href":"https:\/\/www.cecooperative.ca\/fr\/wp-json\/wp\/v2\/users\/5"}],"replies":[{"embeddable":true,"href":"https:\/\/www.cecooperative.ca\/fr\/wp-json\/wp\/v2\/comments?post=1051"}],"version-history":[{"count":3,"href":"https:\/\/www.cecooperative.ca\/fr\/wp-json\/wp\/v2\/pages\/1051\/revisions"}],"predecessor-version":[{"id":1099,"href":"https:\/\/www.cecooperative.ca\/fr\/wp-json\/wp\/v2\/pages\/1051\/revisions\/1099"}],"wp:attachment":[{"href":"https:\/\/www.cecooperative.ca\/fr\/wp-json\/wp\/v2\/media?parent=1051"}],"curies":[{"name":"wp","href":"https:\/\/api.w.org\/{rel}","templated":true}]}}