{"id":1045,"date":"2025-05-30T15:09:33","date_gmt":"2025-05-30T21:09:33","guid":{"rendered":"https:\/\/www.cecooperative.ca\/devenir-membre\/"},"modified":"2026-05-04T00:34:36","modified_gmt":"2026-05-04T06:34:36","slug":"devenir-membre","status":"publish","type":"page","link":"https:\/\/www.cecooperative.ca\/fr\/devenir-membre\/","title":{"rendered":"Adh\u00e9sions \u00e0 la CECC"},"content":{"rendered":"\n<div class=\"wp-block-group is-layout-constrained wp-block-group-is-layout-constrained has-background\" style=\"padding-top:15%;padding-bottom:15%;background-image:url(&apos;https:\/\/www.cecooperative.ca\/sites\/www.cecooperative.ca\/wp-content\/uploads\/2025\/05\/Green-Energy-Turbines.avif&apos;);background-size:cover;\">\n<h1 class=\"wp-block-heading has-text-align-center has-ast-global-color-4-color has-text-color has-link-color wp-elements-ff3136dd4ccfb2f71c098eec87a92a20\"><a href=\"#member_registration\">Rejoignez la Coop\u00e9rative d&#8217;Energie Communautaire du Canada<\/a><\/h1>\n\n\n\n<p class=\"has-text-align-center has-ast-global-color-4-color has-text-color has-link-color wp-elements-bbdfbaef966c870cdfa69b8f766225c0\"><a href=\"#member_registration\">Formulaires d&#8217;adh\u00e9sion ci-dessous <\/a><\/p>\n<\/div>\n\n<div style=\"height:73px\" aria-hidden=\"true\" class=\"wp-block-spacer\"><\/div>\n\n<div class=\"wp-block-group is-layout-constrained wp-block-group-is-layout-constrained\">\n<h3 class=\"wp-block-heading has-text-align-center\">CECC soutient et repr\u00e9sente les voix des coop\u00e9ratives d&#8217;\u00e9nergie renouvelable et des d\u00e9fenseurs de l&#8217;\u00e9nergie communautaire partout au Canada.<\/h3>\n\n\n\n<h3 class=\"wp-block-heading has-text-align-center\">Rejoignez-nous aujourd&#8217;hui pour faire partie de ce mouvement. <\/h3>\n\n\n\n<p id=\"member_registration\"><\/p>\n\n\n\n<h3 class=\"wp-block-heading has-text-align-center\">CECC offre deux niveaux d&#8217;adh\u00e9sion, tous deux gratuits et accessibles. Rejoignez-nous aujourd&#8217;hui et participez \u00e0 cette initiative croissante vers un avenir plus durable.<\/h3>\n<\/div>\n\n<div class=\"wp-block-group is-layout-grid wp-container-core-group-is-layout-b757edec wp-block-group-is-layout-grid\">\n<h3 class=\"wp-block-heading has-text-align-center\">Membre Energ\u00e9tique Communautaire (Organisation)<\/h3>\n\n\n\n<h3 class=\"wp-block-heading has-text-align-center\">Membre de soutien (Individu ou Organisation)<\/h3>\n\n\n\n<ul class=\"wp-block-list\">\n<li class=\"has-medium-font-size\">Les coop\u00e9ratives constitu\u00e9es en vertu de la l\u00e9gislation pertinente ou d&#8217;autres organisations ax\u00e9es sur la communaut\u00e9 dont le but est de fournir ou de soutenir l&#8217;\u00e9nergie renouvelable d&#8217;origine communautaire<\/li>\n\n\n\n<li class=\"has-medium-font-size\">Soutenir la mission, la vision et les valeurs de la Coop\u00e9rative<\/li>\n<\/ul>\n\n\n\n<ul class=\"wp-block-list\">\n<li class=\"has-medium-font-size\">Les personnes physiques ou morales, y compris les \u00e9tablissements d&#8217;enseignement ou les entit\u00e9s gouvernementales<\/li>\n\n\n\n<li class=\"has-medium-font-size\">Soutenir la mission, la vision et les valeurs de la Coop\u00e9rative<\/li>\n<\/ul>\n<\/div>\n\n<div class=\"wp-block-group is-layout-grid wp-container-core-group-is-layout-b757edec wp-block-group-is-layout-grid\">\n<div class=\"wp-block-buttons is-content-justification-center is-layout-flex wp-container-core-buttons-is-layout-a89b3969 wp-block-buttons-is-layout-flex\">\n<div class=\"wp-block-button\"><a class=\"wp-block-button__link wp-element-button\" href=\"&lt;!--[CDATA[https:\/\/www.cecooperative.ca\/community-energy-member-application-form\/]]--&gt;\">Devenez membre \u00e9nerg\u00e9tique communautaire<\/a><\/div>\n<\/div>\n\n\n\n<div class=\"wp-block-buttons wp-container-content-5e2576f9 is-content-justification-center is-layout-flex wp-container-core-buttons-is-layout-a89b3969 wp-block-buttons-is-layout-flex\">\n<div class=\"wp-block-button\"><a class=\"wp-block-button__link wp-element-button\" href=\"&lt;!--[CDATA[https:\/\/www.cecooperative.ca\/supporter-member-individual-application-form\/]]--&gt;\">Devenir membre individuel<\/a><\/div>\n\n\n\n<div class=\"wp-block-button\"><a class=\"wp-block-button__link wp-element-button\" href=\"&lt;!--[CDATA[https:\/\/www.cecooperative.ca\/supporter-member-organization-application-form\/]]--&gt;\">Adh\u00e9rer en tant qu&#8217;organisation<\/a><\/div>\n<\/div>\n<\/div>\n\n<div class=\"wp-block-group is-layout-constrained wp-block-group-is-layout-constrained\">\n<h4 class=\"wp-block-heading\">Pour plus d&#8217;informations sur les statuts de la CECC, veuillez t\u00e9l\u00e9charger notre document de soutien ci-dessous.<\/h4>\n\n\n\n<div class=\"wp-block-buttons is-layout-flex wp-block-buttons-is-layout-flex\">\n<div class=\"wp-block-button\"><a class=\"wp-block-button__link has-small-font-size has-custom-font-size wp-element-button\" href=\"&lt;!--[CDATA[https:\/\/www.cecooperative.ca\/sites\/www.cecooperative.ca\/wp-content\/uploads\/2025\/10\/CECC-By-Laws.pdf]]--&gt;\">T\u00e9l\u00e9charger nos statuts<\/a><\/div>\n<\/div>\n<\/div>\n\n<p><\/p>\n","protected":false},"excerpt":{"rendered":"<p>Rejoignez la Coop\u00e9rative d&#8217;Energie Communautaire du Canada Formulaires d&#8217;adh\u00e9sion ci-dessous CECC soutient et repr\u00e9sente les voix des coop\u00e9ratives d&#8217;\u00e9nergie renouvelable [&hellip;]<\/p>\n","protected":false},"author":1,"featured_media":279,"parent":0,"menu_order":0,"comment_status":"closed","ping_status":"closed","template":"","meta":{"_eb_attr":"","site-sidebar-layout":"default","site-content-layout":"","ast-site-content-layout":"","site-content-style":"default","site-sidebar-style":"default","ast-global-header-display":"","ast-banner-title-visibility":"","ast-main-header-display":"","ast-hfb-above-header-display":"","ast-hfb-below-header-display":"","ast-hfb-mobile-header-display":"","site-post-title":"disabled","ast-breadcrumbs-content":"","ast-featured-img":"disabled","footer-sml-layout":"","ast-disable-related-posts":"","theme-transparent-header-meta":"","adv-header-id-meta":"","stick-header-meta":"","header-above-stick-meta":"","header-main-stick-meta":"","header-below-stick-meta":"","astra-migrate-meta-layouts":"default","ast-page-background-enabled":"default","ast-page-background-meta":{"desktop":{"background-color":"var(--ast-global-color-5)","background-image":"","background-repeat":"repeat","background-position":"center center","background-size":"auto","background-attachment":"scroll","background-type":"","background-media":"","overlay-type":"","overlay-color":"","overlay-opacity":"","overlay-gradient":""},"tablet":{"background-color":"","background-image":"","background-repeat":"repeat","background-position":"center center","background-size":"auto","background-attachment":"scroll","background-type":"","background-media":"","overlay-type":"","overlay-color":"","overlay-opacity":"","overlay-gradient":""},"mobile":{"background-color":"","background-image":"","background-repeat":"repeat","background-position":"center center","background-size":"auto","background-attachment":"scroll","background-type":"","background-media":"","overlay-type":"","overlay-color":"","overlay-opacity":"","overlay-gradient":""}},"ast-content-background-meta":{"desktop":{"background-color":"var(--ast-global-color-4)","background-image":"","background-repeat":"repeat","background-position":"center center","background-size":"auto","background-attachment":"scroll","background-type":"","background-media":"","overlay-type":"","overlay-color":"","overlay-opacity":"","overlay-gradient":""},"tablet":{"background-color":"var(--ast-global-color-4)","background-image":"","background-repeat":"repeat","background-position":"center center","background-size":"auto","background-attachment":"scroll","background-type":"","background-media":"","overlay-type":"","overlay-color":"","overlay-opacity":"","overlay-gradient":""},"mobile":{"background-color":"var(--ast-global-color-4)","background-image":"","background-repeat":"repeat","background-position":"center center","background-size":"auto","background-attachment":"scroll","background-type":"","background-media":"","overlay-type":"","overlay-color":"","overlay-opacity":"","overlay-gradient":""}},"footnotes":""},"class_list":["post-1045","page","type-page","status-publish","has-post-thumbnail","hentry"],"_links":{"self":[{"href":"https:\/\/www.cecooperative.ca\/fr\/wp-json\/wp\/v2\/pages\/1045","targetHints":{"allow":["GET"]}}],"collection":[{"href":"https:\/\/www.cecooperative.ca\/fr\/wp-json\/wp\/v2\/pages"}],"about":[{"href":"https:\/\/www.cecooperative.ca\/fr\/wp-json\/wp\/v2\/types\/page"}],"author":[{"embeddable":true,"href":"https:\/\/www.cecooperative.ca\/fr\/wp-json\/wp\/v2\/users\/1"}],"replies":[{"embeddable":true,"href":"https:\/\/www.cecooperative.ca\/fr\/wp-json\/wp\/v2\/comments?post=1045"}],"version-history":[{"count":3,"href":"https:\/\/www.cecooperative.ca\/fr\/wp-json\/wp\/v2\/pages\/1045\/revisions"}],"predecessor-version":[{"id":1102,"href":"https:\/\/www.cecooperative.ca\/fr\/wp-json\/wp\/v2\/pages\/1045\/revisions\/1102"}],"wp:featuredmedia":[{"embeddable":true,"href":"https:\/\/www.cecooperative.ca\/fr\/wp-json\/wp\/v2\/media\/279"}],"wp:attachment":[{"href":"https:\/\/www.cecooperative.ca\/fr\/wp-json\/wp\/v2\/media?parent=1045"}],"curies":[{"name":"wp","href":"https:\/\/api.w.org\/{rel}","templated":true}]}}